{"id":272,"date":"2016-12-28T05:24:23","date_gmt":"2016-12-28T05:24:23","guid":{"rendered":"https:\/\/formazione.idempiere.consulting\/index.php\/about\/"},"modified":"2024-04-03T09:10:01","modified_gmt":"2024-04-03T09:10:01","slug":"functions","status":"publish","type":"page","link":"https:\/\/formazione.idempiere.consulting\/index.php\/functions\/","title":{"rendered":"Funzionalit\u00e0"},"content":{"rendered":"<!--themify_builder_content-->\n<div id=\"themify_builder_content-272\" data-postid=\"272\" class=\"themify_builder_content themify_builder_content-272 themify_builder tf_clear\">\n                    <div  data-css_id=\"wi69690\" data-lazy=\"1\" class=\"module_row themify_builder_row fullwidth_row_container tb_wi69690 tb_first tf_w wow\" data-tf-animation=\"fadeIn\">\n            <span  class=\"builder_row_cover tf_abs\" data-lazy=\"1\"><\/span>            <div class=\"row_inner col_align_top tb_col_count_1 tf_box tf_rel\">\n                        <div  data-lazy=\"1\" class=\"module_column tb-column col-full tb_44ze005 first\">\n                    <!-- module text -->\n<div  class=\"module module-text tb_fbh8590    wow\" data-tf-animation=\"fadeInUp\" data-lazy=\"1\">\n        <div  class=\"tb_text_wrap\">\n        <h1>Funzionalit\u00e0<\/h1>    <\/div>\n<\/div>\n<!-- \/module text -->        <\/div>\n                        <\/div>\n        <\/div>\n                        <div  data-lazy=\"1\" class=\"module_row themify_builder_row tb_4l9l805 tf_w\">\n                        <div class=\"row_inner col_align_top tb_col_count_1 tf_box tf_rel\">\n                        <div  data-lazy=\"1\" class=\"module_column tb-column col-full tb_l5ww805 first\">\n                    <!-- module text -->\n<div  class=\"module module-text tb_vhpy433    wow\" data-tf-animation=\"fadeInLeft\" data-lazy=\"1\">\n        <div  class=\"tb_text_wrap\">\n        <h2 style=\"text-align: center;\">Benvenuto in CourseMaster Pro!<\/h2>\n<h4 style=\"text-align: center;\">La soluzione completa per una gestione efficace ed efficiente della formazione.<\/h4>\n<p style=\"text-align: center;\">Presso CourseMasterPro, ci impegniamo a fornire soluzioni innovative e all&#8217;avanguardia per migliorare le capacit\u00e0 e le prestazioni dei vostri dipendenti. Con la nostra vasta gamma di strumenti di gestione della formazione, potrete massimizzare il potenziale del vostro team e ottenere risultati tangibili per il successo della vostra azienda.<\/p>    <\/div>\n<\/div>\n<!-- \/module text -->        <\/div>\n                        <\/div>\n        <\/div>\n                        <div  data-css_id=\"ptgu234\" data-lazy=\"1\" class=\"module_row themify_builder_row fullwidth tb_ptgu234 tf_w\">\n                        <div class=\"row_inner col_align_top tb_col_count_1 tf_box tf_rel\">\n                        <div  data-lazy=\"1\" class=\"module_column tb-column col-full tb_7cic234 first\">\n                            <div  data-lazy=\"1\" class=\"module_subrow themify_builder_sub_row tf_w col_align_middle tb_col_count_2 tb_w49x234\">\n                <div  data-lazy=\"1\" class=\"module_column sub_column col3-1 tb_kmba234 first\">\n                            <\/div>\n                    <div  data-lazy=\"1\" class=\"module_column sub_column col3-2 tb_8cgy234 last\">\n                    <!-- module divider -->\n<div  class=\"module tf_mw module-divider tb_vb7w234 solid  divider-custom divider-left\" style=\"border-width: 1px;border-color: #000;margin-bottom: 40px;max-width: 100px;\" data-lazy=\"1\">\n    <\/div>\n<!-- \/module divider -->\n<!-- module text -->\n<div  class=\"module module-text tb_g708234   \" data-lazy=\"1\">\n        <div  class=\"tb_text_wrap\">\n        <h2>Ecco solo alcune delle funzioni che potrebbero risultare utili.<\/h2>    <\/div>\n<\/div>\n<!-- \/module text -->        <\/div>\n                    <\/div>\n                <\/div>\n                        <\/div>\n        <\/div>\n                        <div  data-css_id=\"z3qq252\" data-lazy=\"1\" class=\"module_row themify_builder_row fullwidth tb_z3qq252 tf_w\">\n                        <div class=\"row_inner col_align_middle tb_col_count_2 tf_box tf_rel\">\n                        <div  data-lazy=\"1\" class=\"module_column tb-column col3-1 tb_nudl253 first\">\n                            <\/div>\n                    <div  data-lazy=\"1\" class=\"module_column tb-column col3-2 tb_r786252 last\">\n                            <div  data-lazy=\"1\" class=\"module_subrow themify_builder_sub_row tf_w col_align_top tb_col_count_2 tb_an36252\">\n                <div  data-lazy=\"1\" class=\"module_column sub_column col4-3 tb_4i8l253 first\">\n                    <!-- module feature -->\n<div  class=\"module module-feature tb_e9ue253 no-chart layout-icon-left size-large \" data-layout-mobile=\"icon-top\" data-layout-desktop=\"icon-left\" data-lazy=\"1\" data-parallax-element-speed=\"1\" data-lax-translate-y=\"vh 1,0 -70\" data-lax=\"true\">\n        <div class=\"module-feature-image tf_textc tf_rel\">\n                            <span class=\"module-feature-chart-html5 tf_box tf_rel tf_inline_b\" style=\"background-color:#91d1e6\">\n                                <span class=\"chart-html5-circle tf_w tf_h\">\n                                            <em class=\"module-feature-icon tf_rel\" style=\"color:#ffffff\"><svg  class=\"tf_fa tf-la-pencil-alt-solid\" xmlns:xlink=\"http:\/\/www.w3.org\/1999\/xlink\" aria-hidden=\"true\"><use href=\"#tf-la-pencil-alt-solid\" xlink:href=\"#tf-la-pencil-alt-solid\"><\/use><\/svg><\/em>\n                                    <\/span>\n\n                \n            <\/span>\n                <\/div>\n    <div class=\"module-feature-content tf_textc\">\n                    <h3 class=\"module-feature-title\">\n                            PERSONALIZZAZIONE                        <\/h3>\n                    <div class=\"tb_text_wrap\">\n            <p>Adatta il software alle tue esigenze specifiche con opzioni di configurazione flessibili e moduli aggiuntivi disponibili.<\/p>        <\/div>\n    <\/div>\n<\/div>\n<!-- \/module feature -->\n        <\/div>\n                    <div  data-lazy=\"1\" class=\"module_column sub_column col4-1 tb_qbdx252 last\">\n                            <\/div>\n                    <\/div>\n                <\/div>\n                        <\/div>\n        <\/div>\n                        <div  data-css_id=\"ff01395\" data-lazy=\"1\" class=\"module_row themify_builder_row fullwidth tb_ff01395 tf_w\">\n                        <div class=\"row_inner col_align_middle tb_col_count_2 tf_box tf_rel\">\n                        <div  data-lazy=\"1\" class=\"module_column tb-column col3-2 tb_3ivb395 first\">\n                            <div  data-lazy=\"1\" class=\"module_subrow themify_builder_sub_row tf_w col_align_top tb_col_count_2 tb_6mtu395\">\n                <div  data-lazy=\"1\" class=\"module_column sub_column col4-1 tb_q9cj395 first\">\n                            <\/div>\n                    <div  data-lazy=\"1\" class=\"module_column sub_column col4-3 tb_c0yq395 last\">\n                    <!-- module feature -->\n<div  class=\"module module-feature tb_9l7p395 no-chart layout-icon-right size-large \" data-layout-mobile=\"icon-top\" data-layout-desktop=\"icon-right\" data-lazy=\"1\" data-parallax-element-speed=\"1\" data-lax-translate-y=\"vh 1,0 -70\" data-lax=\"true\">\n        <div class=\"module-feature-image tf_textc tf_rel\">\n                            <span class=\"module-feature-chart-html5 tf_box tf_rel tf_inline_b\" style=\"background-color:#e6b345\">\n                                <span class=\"chart-html5-circle tf_w tf_h\">\n                                            <em class=\"module-feature-icon tf_rel\" style=\"color:#ffffff\"><svg  class=\"tf_fa tf-far-lightbulb\" xmlns:xlink=\"http:\/\/www.w3.org\/1999\/xlink\" aria-hidden=\"true\"><use href=\"#tf-far-lightbulb\" xlink:href=\"#tf-far-lightbulb\"><\/use><\/svg><\/em>\n                                    <\/span>\n\n                \n            <\/span>\n                <\/div>\n    <div class=\"module-feature-content tf_textc\">\n                    <h3 class=\"module-feature-title\">\n                            GESTIONE SEMPLIFICATA:                        <\/h3>\n                    <div class=\"tb_text_wrap\">\n            <p data-pm-slice=\"1 1 []\"><span data-index=\"sc\">Accedi alle informazioni dei tuoi clienti, controlla lo stato degli ordini e gestisci i dettagli delle vendite in modo rapido e intuitivo. Grazie a una navigazione chiara e a un\u2019interfaccia utente user-friendly, hai tutte le informazioni di cui hai bisogno a portata di mano.<\/span><\/p>        <\/div>\n    <\/div>\n<\/div>\n<!-- \/module feature -->\n        <\/div>\n                    <\/div>\n                <\/div>\n                    <div  data-lazy=\"1\" class=\"module_column tb-column col3-1 tb_h2gm395 last\">\n                            <\/div>\n                        <\/div>\n        <\/div>\n                        <div  data-css_id=\"f556872\" data-lazy=\"1\" class=\"module_row themify_builder_row fullwidth tb_f556872 tf_w\">\n                        <div class=\"row_inner col_align_middle tb_col_count_2 tf_box tf_rel\">\n                        <div  data-lazy=\"1\" class=\"module_column tb-column col3-1 tb_wqre872 first\">\n                            <\/div>\n                    <div  data-lazy=\"1\" class=\"module_column tb-column col3-2 tb_wzr8872 last\">\n                            <div  data-lazy=\"1\" class=\"module_subrow themify_builder_sub_row tf_w col_align_top tb_col_count_2 tb_y8hg872\">\n                <div  data-lazy=\"1\" class=\"module_column sub_column col4-3 tb_u9se872 first\">\n                    <!-- module feature -->\n<div  class=\"module module-feature tb_nsok872 no-chart layout-icon-left size-large \" data-layout-mobile=\"icon-top\" data-layout-desktop=\"icon-left\" data-lazy=\"1\" data-parallax-element-speed=\"1\" data-lax-translate-y=\"vh 1,0 -70\" data-lax=\"true\">\n        <div class=\"module-feature-image tf_textc tf_rel\">\n                            <span class=\"module-feature-chart-html5 tf_box tf_rel tf_inline_b\" style=\"background-color:#cd92e8\">\n                                <span class=\"chart-html5-circle tf_w tf_h\">\n                                            <em class=\"module-feature-icon tf_rel\" style=\"color:#ffffff\"><svg  class=\"tf_fa tf-far-file-code-o\" xmlns:xlink=\"http:\/\/www.w3.org\/1999\/xlink\" aria-hidden=\"true\"><use href=\"#tf-far-file-code-o\" xlink:href=\"#tf-far-file-code-o\"><\/use><\/svg><\/em>\n                                    <\/span>\n\n                \n            <\/span>\n                <\/div>\n    <div class=\"module-feature-content tf_textc\">\n                    <h3 class=\"module-feature-title\">\n                            REGISTRAZIONE E REPORTISTICA:                        <\/h3>\n                    <div class=\"tb_text_wrap\">\n            <p>Registrazione dettagliata dei sistemi\u00a0 , inclusi allarmi, porte, estintori e altre attivit\u00e0 correlate, con funzionalit\u00e0 di generazione di report per scopi di analisi e conformit\u00e0 normativa.<\/p>        <\/div>\n    <\/div>\n<\/div>\n<!-- \/module feature -->\n        <\/div>\n                    <div  data-lazy=\"1\" class=\"module_column sub_column col4-1 tb_7gjj872 last\">\n                            <\/div>\n                    <\/div>\n                <\/div>\n                        <\/div>\n        <\/div>\n                        <div  data-css_id=\"j444582\" data-lazy=\"1\" class=\"module_row themify_builder_row fullwidth tb_j444582 tf_w\">\n                        <div class=\"row_inner col_align_middle tb_col_count_2 tf_box tf_rel\">\n                        <div  data-lazy=\"1\" class=\"module_column tb-column col3-2 tb_5wah582 first\">\n                            <div  data-lazy=\"1\" class=\"module_subrow themify_builder_sub_row tf_w col_align_top tb_col_count_2 tb_noyu582\">\n                <div  data-lazy=\"1\" class=\"module_column sub_column col4-1 tb_kcmo582 first\">\n                            <\/div>\n                    <div  data-lazy=\"1\" class=\"module_column sub_column col4-3 tb_eadd582 last\">\n                    <!-- module feature -->\n<div  class=\"module module-feature tb_yeab582 no-chart layout-icon-right size-large \" data-layout-mobile=\"icon-top\" data-layout-desktop=\"icon-right\" data-lazy=\"1\" data-parallax-element-speed=\"1\" data-lax-translate-y=\"vh 1,0 -70\" data-lax=\"true\">\n        <div class=\"module-feature-image tf_textc tf_rel\">\n                            <span class=\"module-feature-chart-html5 tf_box tf_rel tf_inline_b\" style=\"background-color:#68d1b5\">\n                                <span class=\"chart-html5-circle tf_w tf_h\">\n                                            <em class=\"module-feature-icon tf_rel\" style=\"color:#ffffff\"><svg  class=\"tf_fa tf-la-user-astronaut-solid\" xmlns:xlink=\"http:\/\/www.w3.org\/1999\/xlink\" aria-hidden=\"true\"><use href=\"#tf-la-user-astronaut-solid\" xlink:href=\"#tf-la-user-astronaut-solid\"><\/use><\/svg><\/em>\n                                    <\/span>\n\n                \n            <\/span>\n                <\/div>\n    <div class=\"module-feature-content tf_textc\">\n                    <h3 class=\"module-feature-title\">\n                            SUPPORTO CLIENTI E ASSISTENZA TECNICA:                        <\/h3>\n                    <div class=\"tb_text_wrap\">\n            <p>Un servizio clienti e un\u2019assistenza tecnica dedicata per rispondere alle esigenze degli utenti, risolvere eventuali problemi e fornire consulenza sulle migliori pratiche di manutenzione antincendio.<\/p>        <\/div>\n    <\/div>\n<\/div>\n<!-- \/module feature -->\n        <\/div>\n                    <\/div>\n                <\/div>\n                    <div  data-lazy=\"1\" class=\"module_column tb-column col3-1 tb_bjic582 last\">\n                            <\/div>\n                        <\/div>\n        <\/div>\n                        <div  data-lazy=\"1\" class=\"module_row themify_builder_row tb_ynhj680 tf_w\">\n                        <div class=\"row_inner col_align_top tb_col_count_1 tf_box tf_rel\">\n                        <div  data-lazy=\"1\" class=\"module_column tb-column col-full tb_4bdg999 first\">\n                    <!-- module text -->\n<div  class=\"module module-text tb_30jo666    wow\" data-tf-animation=\"fadeInUp\" data-lazy=\"1\">\n        <div  class=\"tb_text_wrap\">\n        <h2>Ulteriori vantaggi:<\/h2>    <\/div>\n<\/div>\n<!-- \/module text -->        <div  data-lazy=\"1\" class=\"module_subrow themify_builder_sub_row tf_w col_align_middle tb_col_count_4 tb_zaxw600\">\n                <div  data-lazy=\"1\" class=\"module_column sub_column col4-1 tb_01p4606 first\">\n                    <!-- module text -->\n<div  class=\"module module-text tb_2xmz427    wow\" data-tf-animation=\"fadeInLeft\" data-lazy=\"1\">\n        <div  class=\"tb_text_wrap\">\n        <h6>Pianificazione delle Attivit\u00e0<\/h6>\n<p>Organizza facilmente il lavoro della tua squadra, assegna compiti e monitora lo stato di avanzamento dei progetti, garantendo una distribuzione equa delle risorse e una massima produttivit\u00e0.<\/p>\n    <\/div>\n<\/div>\n<!-- \/module text -->        <\/div>\n                    <div  data-lazy=\"1\" class=\"module_column sub_column col4-1 tb_2z71067\">\n                    <!-- module text -->\n<div  class=\"module module-text tb_kt3f33    wow\" data-tf-animation=\"fadeInLeft\" data-lazy=\"1\">\n        <div  class=\"tb_text_wrap\">\n        <h6>Fatturazione Precisa:<\/h6>\n<p>Genera fatture accurate in base alle ore lavorate, ai progetti completati o alle tariffe contrattuali, eliminando il rischio di errori e discrepanze.<\/p>    <\/div>\n<\/div>\n<!-- \/module text -->        <\/div>\n                    <div  data-lazy=\"1\" class=\"module_column sub_column col4-1 tb_d2h0111\">\n                    <!-- module text -->\n<div  class=\"module module-text tb_8g8v600    wow\" data-tf-animation=\"fadeInLeft\" data-lazy=\"1\">\n        <div  class=\"tb_text_wrap\">\n        <h6>Gestione delle Risorse Umane:<\/h6>\n<p>Archivia informazioni dettagliate sui dipendenti, compresi i loro dati personali, il contratto di lavoro, le ferie e le prestazioni, tutto in un\u2019unica piattaforma integrata.<\/p>    <\/div>\n<\/div>\n<!-- \/module text -->        <\/div>\n                    <div  data-lazy=\"1\" class=\"module_column sub_column col4-1 tb_y39r761 last\">\n                    <!-- module text -->\n<div  class=\"module module-text tb_9kej232    wow\" data-tf-animation=\"fadeInLeft\" data-lazy=\"1\">\n        <div  class=\"tb_text_wrap\">\n        <h6>Analisi dei Costi del Lavoro:<\/h6>\n<p>Ottieni report dettagliati sui costi del lavoro, comprendendo le spese per il personale, le ore straordinarie e altri fattori rilevanti per un\u2019analisi approfondita della tua attivit\u00e0.<\/p>\n    <\/div>\n<\/div>\n<!-- \/module text -->        <\/div>\n                    <\/div>\n                <\/div>\n                        <\/div>\n        <\/div>\n        <\/div>\n<!--\/themify_builder_content-->","protected":false},"excerpt":{"rendered":"<p>Funzionalit\u00e0<\/p>\n","protected":false},"author":1,"featured_media":0,"parent":0,"menu_order":0,"comment_status":"closed","ping_status":"closed","template":"","meta":{"_joinchat":[],"footnotes":""},"class_list":["post-272","page","type-page","status-publish","hentry","has-post-title","has-post-date","has-post-category","has-post-tag","has-post-comment","has-post-author",""],"builder_content":"<h1>Funzionalit\u00e0<\/h1>\n<h2 style=\"text-align: center;\">Benvenuto in CourseMaster Pro!<\/h2> <h4 style=\"text-align: center;\">La soluzione completa per una gestione efficace ed efficiente della formazione.<\/h4> <p style=\"text-align: center;\">Presso CourseMasterPro, ci impegniamo a fornire soluzioni innovative e all'avanguardia per migliorare le capacit\u00e0 e le prestazioni dei vostri dipendenti. Con la nostra vasta gamma di strumenti di gestione della formazione, potrete massimizzare il potenziale del vostro team e ottenere risultati tangibili per il successo della vostra azienda.<\/p>\n\n<h2>Ecco solo alcune delle funzioni che potrebbero risultare utili.<\/h2>\n<em style=\"color:#ffffff\"><svg xmlns:xlink=\"http:\/\/www.w3.org\/1999\/xlink\" aria-hidden=\"true\"><use href=\"#tf-la-pencil-alt-solid\" xlink:href=\"#tf-la-pencil-alt-solid\"><\/use><\/svg><\/em> \n <h3> PERSONALIZZAZIONE <\/h3> <p>Adatta il software alle tue esigenze specifiche con opzioni di configurazione flessibili e moduli aggiuntivi disponibili.<\/p>\n<em style=\"color:#ffffff\"><svg xmlns:xlink=\"http:\/\/www.w3.org\/1999\/xlink\" aria-hidden=\"true\"><use href=\"#tf-far-lightbulb\" xlink:href=\"#tf-far-lightbulb\"><\/use><\/svg><\/em> \n <h3> GESTIONE SEMPLIFICATA: <\/h3> <p data-pm-slice=\"1 1 []\">Accedi alle informazioni dei tuoi clienti, controlla lo stato degli ordini e gestisci i dettagli delle vendite in modo rapido e intuitivo. Grazie a una navigazione chiara e a un\u2019interfaccia utente user-friendly, hai tutte le informazioni di cui hai bisogno a portata di mano.<\/p>\n<em style=\"color:#ffffff\"><svg xmlns:xlink=\"http:\/\/www.w3.org\/1999\/xlink\" aria-hidden=\"true\"><use href=\"#tf-far-file-code-o\" xlink:href=\"#tf-far-file-code-o\"><\/use><\/svg><\/em> \n <h3> REGISTRAZIONE E REPORTISTICA: <\/h3> <p>Registrazione dettagliata dei sistemi\u00a0 , inclusi allarmi, porte, estintori e altre attivit\u00e0 correlate, con funzionalit\u00e0 di generazione di report per scopi di analisi e conformit\u00e0 normativa.<\/p>\n<em style=\"color:#ffffff\"><svg xmlns:xlink=\"http:\/\/www.w3.org\/1999\/xlink\" aria-hidden=\"true\"><use href=\"#tf-la-user-astronaut-solid\" xlink:href=\"#tf-la-user-astronaut-solid\"><\/use><\/svg><\/em> \n <h3> SUPPORTO CLIENTI E ASSISTENZA TECNICA: <\/h3> <p>Un servizio clienti e un\u2019assistenza tecnica dedicata per rispondere alle esigenze degli utenti, risolvere eventuali problemi e fornire consulenza sulle migliori pratiche di manutenzione antincendio.<\/p>\n<h2>Ulteriori vantaggi:<\/h2>\n<h6>Pianificazione delle Attivit\u00e0<\/h6> <p>Organizza facilmente il lavoro della tua squadra, assegna compiti e monitora lo stato di avanzamento dei progetti, garantendo una distribuzione equa delle risorse e una massima produttivit\u00e0.<\/p>\n<h6>Fatturazione Precisa:<\/h6> <p>Genera fatture accurate in base alle ore lavorate, ai progetti completati o alle tariffe contrattuali, eliminando il rischio di errori e discrepanze.<\/p>\n<h6>Gestione delle Risorse Umane:<\/h6> <p>Archivia informazioni dettagliate sui dipendenti, compresi i loro dati personali, il contratto di lavoro, le ferie e le prestazioni, tutto in un\u2019unica piattaforma integrata.<\/p>\n<h6>Analisi dei Costi del Lavoro:<\/h6> <p>Ottieni report dettagliati sui costi del lavoro, comprendendo le spese per il personale, le ore straordinarie e altri fattori rilevanti per un\u2019analisi approfondita della tua attivit\u00e0.<\/p>","_links":{"self":[{"href":"https:\/\/formazione.idempiere.consulting\/index.php\/wp-json\/wp\/v2\/pages\/272","targetHints":{"allow":["GET"]}}],"collection":[{"href":"https:\/\/formazione.idempiere.consulting\/index.php\/wp-json\/wp\/v2\/pages"}],"about":[{"href":"https:\/\/formazione.idempiere.consulting\/index.php\/wp-json\/wp\/v2\/types\/page"}],"author":[{"embeddable":true,"href":"https:\/\/formazione.idempiere.consulting\/index.php\/wp-json\/wp\/v2\/users\/1"}],"replies":[{"embeddable":true,"href":"https:\/\/formazione.idempiere.consulting\/index.php\/wp-json\/wp\/v2\/comments?post=272"}],"version-history":[{"count":23,"href":"https:\/\/formazione.idempiere.consulting\/index.php\/wp-json\/wp\/v2\/pages\/272\/revisions"}],"predecessor-version":[{"id":416,"href":"https:\/\/formazione.idempiere.consulting\/index.php\/wp-json\/wp\/v2\/pages\/272\/revisions\/416"}],"wp:attachment":[{"href":"https:\/\/formazione.idempiere.consulting\/index.php\/wp-json\/wp\/v2\/media?parent=272"}],"curies":[{"name":"wp","href":"https:\/\/api.w.org\/{rel}","templated":true}]}}